{"id":71,"date":"2016-02-22T13:13:03","date_gmt":"2016-02-22T13:13:03","guid":{"rendered":"http:\/\/www.xwzweb.com\/portal\/?page_id=71"},"modified":"2016-02-22T13:56:17","modified_gmt":"2016-02-22T13:56:17","slug":"a-empresa","status":"publish","type":"page","link":"https:\/\/www.xwzweb.com\/portal\/a-empresa\/","title":{"rendered":"A empresa"},"content":{"rendered":"<p>A XWZ iniciou seus trabalhos em 1989, com trabalhos de suporte e assist\u00eancia t\u00e9cnica. Ao longo destes anos foi alterando seu objetivo e atualmente prestamos servi\u00e7os na implanta\u00e7\u00e3o de servi\u00e7os em tecnologia da informa\u00e7\u00e3o, utilizando sempre ferramentas inovadoras e modernas.<\/p>\n<p>Nestes 27 anos de atividade, evolu\u00edmos os produtos e solu\u00e7\u00f5es oferecidas aos clientes atrav\u00e9s de inova\u00e7\u00e3o e trabalho em equipe, prestando servi\u00e7os de instala\u00e7\u00e3o, configura\u00e7\u00e3o de softwares e aplicativos de seguran\u00e7a, acesso remoto, servidores de arquivos e banco de dados, sempre com o objetivo de atender a demanda de nossos clientes em tecnologia da informa\u00e7\u00e3o.<\/p>\n<p>Nossa miss\u00e3o : Criar e aprimorar solu\u00e7\u00f5es em suporte, servidores e sistemas para superar as expectativas em seguran\u00e7a, performance e qualidade da tecnologia da informa\u00e7\u00e3o de nossos clientes.<\/p>\n<p style=\"text-align: center;\"><div id=\"wpgmza_map\" class=\"wpgmza_map\" data-settings='{\"id\":\"1\",\"map_title\":\"Localiza\\u00e7\\u00e3o XWZ\",\"map_width\":\"100\",\"map_height\":\"400\",\"map_start_lat\":\"-19.899857\",\"map_start_lng\":\"-44.077097\",\"map_start_location\":\"-19.8998573,-44.0770971\",\"map_start_zoom\":\"16\",\"default_marker\":\"0\",\"type\":\"1\",\"alignment\":\"2\",\"directions_enabled\":\"1\",\"styling_enabled\":\"0\",\"styling_json\":\"\",\"active\":\"0\",\"kml\":\"\",\"bicycle\":\"0\",\"traffic\":\"0\",\"dbox\":\"1\",\"dbox_width\":\"250\",\"listmarkers\":\"0\",\"listmarkers_advanced\":\"0\",\"filterbycat\":\"0\",\"ugm_enabled\":\"0\",\"ugm_category_enabled\":\"0\",\"fusion\":\"\",\"map_width_type\":\"\\\\%\",\"map_height_type\":\"px\",\"mass_marker_support\":\"1\",\"ugm_access\":\"0\",\"order_markers_by\":\"1\",\"order_markers_choice\":\"2\",\"show_user_location\":\"0\",\"default_to\":\"\",\"other_settings\":{\"store_locator_enabled\":2,\"store_locator_distance\":2,\"store_locator_bounce\":1,\"store_locator_query_string\":\"CEP \\\/ Endere\\u00e7o:\",\"wpgmza_store_locator_restrict\":\"\",\"map_max_zoom\":\"1\",\"transport_layer\":0,\"wpgmza_theme_data\":\"\"}}' data-map-id='1' Data-maps-engine='' data-shortcode-attributes='{\"id\":\"1\"}' style=\"display:block; overflow:auto; width:100%; height:400px; float:left;\"><\/div><\/p>\n","protected":false},"excerpt":{"rendered":"<p>A XWZ iniciou seus trabalhos em 1989, com trabalhos de suporte e assist\u00eancia t\u00e9cnica. Ao longo destes anos foi alterando seu objetivo e atualmente prestamos servi\u00e7os na implanta\u00e7\u00e3o de servi\u00e7os em tecnologia da informa\u00e7\u00e3o, utilizando sempre ferramentas inovadoras e modernas. Nestes 27 anos de atividade, evolu\u00edmos os produtos e solu\u00e7\u00f5es oferecidas aos clientes atrav\u00e9s de <a href=\"https:\/\/www.xwzweb.com\/portal\/a-empresa\/\" rel=\"nofollow\"><span class=\"sr-only\">Leia mais sobreA empresa<\/span>[&hellip;]<\/a><\/p>\n","protected":false},"author":1,"featured_media":0,"parent":0,"menu_order":0,"comment_status":"closed","ping_status":"closed","template":"template-fullwidth.php","meta":{"_themeisle_gutenberg_block_has_review":false,"_ti_tpc_template_sync":false,"_ti_tpc_template_id":"","footnotes":""},"_links":{"self":[{"href":"https:\/\/www.xwzweb.com\/portal\/wp-json\/wp\/v2\/pages\/71"}],"collection":[{"href":"https:\/\/www.xwzweb.com\/portal\/wp-json\/wp\/v2\/pages"}],"about":[{"href":"https:\/\/www.xwzweb.com\/portal\/wp-json\/wp\/v2\/types\/page"}],"author":[{"embeddable":true,"href":"https:\/\/www.xwzweb.com\/portal\/wp-json\/wp\/v2\/users\/1"}],"replies":[{"embeddable":true,"href":"https:\/\/www.xwzweb.com\/portal\/wp-json\/wp\/v2\/comments?post=71"}],"version-history":[{"count":5,"href":"https:\/\/www.xwzweb.com\/portal\/wp-json\/wp\/v2\/pages\/71\/revisions"}],"predecessor-version":[{"id":80,"href":"https:\/\/www.xwzweb.com\/portal\/wp-json\/wp\/v2\/pages\/71\/revisions\/80"}],"wp:attachment":[{"href":"https:\/\/www.xwzweb.com\/portal\/wp-json\/wp\/v2\/media?parent=71"}],"curies":[{"name":"wp","href":"https:\/\/api.w.org\/{rel}","templated":true}]}}